{"id":35097,"date":"2024-10-03T16:10:19","date_gmt":"2024-10-03T22:10:19","guid":{"rendered":"https:\/\/dynamoproductions.fan\/?post_type=product&#038;p=35097"},"modified":"2026-01-06T16:46:03","modified_gmt":"2026-01-06T22:46:03","slug":"custom-videos-johnny-lau","status":"publish","type":"product","link":"https:\/\/dynamoproductions.fan\/es\/producto\/custom-videos-johnny-lau\/","title":{"rendered":"Videos personalizados Johnny Lau"},"content":{"rendered":"<h2>Que mi voz te acompa\u00f1e en tus momentos importantes.<\/h2>\n<h3>\u00bfC\u00f3mo solicitar videos personalizados?<\/h3>\n<p>Para solicitar un video personalizado los pasos son muy sencillos:<\/p>\n<p>Escribe el nombre del remitente, el nombre del destinatario, el motivo del mensaje y comparte todos los detalles que te gustar\u00eda que Johnny mencionara en el video (intenta ser lo m\u00e1s espec\u00edfico posible), tambi\u00e9n escribe el nombre de la canci\u00f3n que te gustar\u00eda que Jes\u00fas cante y si tienes alg\u00fan verso o parte en espec\u00edfico, ind\u00edcalo.<\/p>\n<p>(Duraci\u00f3n aproximada 1 a 2 minutos).<\/p>\n<p>Solicita aqu\u00ed tus videos personalizados para toda ocasi\u00f3n: tips musicales, t\u00e9cnicas, consejo, pregunta, saludo personalizado etc\u2026 y ser\u00e1n hechos exclusivamente para ti, para un amigo o un ser querido y rec\u00edbelo en tu correo electr\u00f3nico  (Duraci\u00f3n aproximada de 1 a 2 minutos) Nota: (No podr\u00e1n hacerse videos que promocionen marcas, eventos, productos o partidos pol\u00edticos). Para cotizar estos servicios escribe a contacto@noelscharjis.fan<\/p>\n<p>Nota: (Estos videos no podr\u00e1n ser utilizados con fines comerciales o de lucro.<\/p>","protected":false},"excerpt":{"rendered":"<p>May my voice accompany you in your important moments.<\/p>\n<div class=\"et_pb_module et_pb_wc_description et_pb_wc_description_0_tb_body et_pb_bg_layout_light et_pb_text_align_left\">\n<div class=\"et_pb_module_inner\">\n<div class=\"et_pb_module et_pb_wc_description et_pb_wc_description_0_tb_body et_pb_bg_layout_light et_pb_text_align_left\">\n<div class=\"et_pb_module_inner\">\n<p>Solicita aqu\u00ed tus videos personalizados para toda ocasi\u00f3n: tips musicales, t\u00e9cnicas, consejo, pregunta, saludo personalizado etc\u2026<\/p>\n<\/div>\n<\/div>\n<p>Ingresa tu informaci\u00f3n en los campos del formulario para personalizar correctamente tu video.<\/p>\n<h3 style=\"color: #da171f;\"><strong>Selecciona una de nuestras dos variantes:<\/strong><\/h3>\n<p><strong>Video  entrega regular: $100 USD<\/strong><br \/>\n<strong>Video entrega express: $125 USD<\/strong><\/p>\n<\/div>\n<\/div>","protected":false},"featured_media":35103,"template":"","meta":{"_et_pb_use_builder":"","_et_pb_old_content":"","_et_gb_content_width":""},"product_brand":[],"product_cat":[46],"product_tag":[126],"class_list":{"0":"post-35097","1":"product","2":"type-product","3":"status-publish","4":"has-post-thumbnail","6":"product_cat-johnny-lau","7":"product_tag-jl-videos","9":"first","10":"instock","11":"shipping-taxable","12":"purchasable","13":"product-type-variable"},"_links":{"self":[{"href":"https:\/\/dynamoproductions.fan\/es\/wp-json\/wp\/v2\/product\/35097","targetHints":{"allow":["GET"]}}],"collection":[{"href":"https:\/\/dynamoproductions.fan\/es\/wp-json\/wp\/v2\/product"}],"about":[{"href":"https:\/\/dynamoproductions.fan\/es\/wp-json\/wp\/v2\/types\/product"}],"wp:featuredmedia":[{"embeddable":true,"href":"https:\/\/dynamoproductions.fan\/es\/wp-json\/wp\/v2\/media\/35103"}],"wp:attachment":[{"href":"https:\/\/dynamoproductions.fan\/es\/wp-json\/wp\/v2\/media?parent=35097"}],"wp:term":[{"taxonomy":"product_brand","embeddable":true,"href":"https:\/\/dynamoproductions.fan\/es\/wp-json\/wp\/v2\/product_brand?post=35097"},{"taxonomy":"product_cat","embeddable":true,"href":"https:\/\/dynamoproductions.fan\/es\/wp-json\/wp\/v2\/product_cat?post=35097"},{"taxonomy":"product_tag","embeddable":true,"href":"https:\/\/dynamoproductions.fan\/es\/wp-json\/wp\/v2\/product_tag?post=35097"}],"curies":[{"name":"wp","href":"https:\/\/api.w.org\/{rel}","templated":true}]}}