{"id":35148,"date":"2024-10-22T17:20:46","date_gmt":"2024-10-22T23:20:46","guid":{"rendered":"https:\/\/dynamoproductions.fan\/?post_type=product&#038;p=35148"},"modified":"2025-11-10T11:22:01","modified_gmt":"2025-11-10T17:22:01","slug":"video-de-tu-boca-acoustic-version","status":"publish","type":"product","link":"https:\/\/dynamoproductions.fan\/es\/producto\/video-de-tu-boca-acoustic-version\/","title":{"rendered":"Video \"De tu Boca\" Versi\u00f3n Ac\u00fastica"},"content":{"rendered":"<h2>Video \"De tu Boca\" Versi\u00f3n Ac\u00fastica<\/h2>\n<p>Vive la magia de \u201cDe tu Boca\u201d como nunca antes.<\/p>\n<p><strong>Grabado en vivo el 27 de octubre de 2024, CDMX, M\u00e9xico.<br \/>\nDisponible exclusivamente en Dynamo Productions y JohnnyLau.fan.<\/strong><\/p>\n<p><strong>Guitarra:<\/strong> Johnny Lau<br \/>\n<strong>Voces:<\/strong> Noel Schajris y Johnny Lau<\/p>\n<p>&nbsp;<\/p>\n<p><img decoding=\"async\" class=\"size-medium wp-image-35152\" src=\"https:\/\/dynamoproductions.fan\/wp-content\/uploads\/2024\/10\/video-de-tu-boca-acoustic-02-300x300.jpg\" alt=\"Video De tu Boca Acoustic Version, exclusivo Dynamo Productions y JohnnyLau.Fan\" width=\"300\" height=\"300\" title=\"\"><\/p>","protected":false},"excerpt":{"rendered":"<p>Video \u201cDe tu Boca\u201d Versi\u00f3n Ac\u00fastica, grabado en vivo el 27 de octubre de 2024, CDMX, M\u00e9xico.<br \/>\nVive la magia de \u201cDe tu Boca\u201d como nunca antes. Este video ac\u00fastico, grabado en vivo en un ambiente \u00edntimo, captura la esencia de la canci\u00f3n con una interpretaci\u00f3n emotiva y aut\u00e9ntica. Johnny Lau y Noel Schajris crean una armon\u00eda perfecta que conmover\u00e1 a cualquier oyente.<\/p>\n<p><strong>Disponible exclusivamente en Dynamo Productions y JohnnyLau.fan.<\/strong><\/p>","protected":false},"featured_media":35152,"template":"","meta":{"_et_pb_use_builder":"off","_et_pb_old_content":"<h2>De tu Boca<\/h2>\r\nDownload the new single in digital version from Johnny Lau & Noel Schajris, exclusively on Dynamo Productions.\r\n\r\n[sonaar_audioplayer order=\"desc\" orderby=\"date\" show_skip_bt=\"default\" show_shuffle_bt=\"default\" show_repeat_bt=\"default\" show_speed_bt=\"default\" show_volume_bt=\"default\" show_miniplayer_note_bt=\"default\" progress_bar_style=\"default\" wave_bar_width=\"1\" wave_bar_gap=\"1\" wave_color=\"#848484\" wave_progress_color=\"#e02b20\" sticky_player=\"true\" track_memory=\"default\" player_layout=\"skin_boxed_tracklist\" tracklist_layout=\"list\" hide_track_number=\"false\" track_artwork_format=\"thumbnail\" show_track_publish_date=\"default\" no_loop_tracklist=\"true\" spectro=\"color1:#e02b20|color2:#c11b1b|shadow:false|reflectFx:true|sharpFx:|barCount:100|barWidth:4|barGap:1|blockGap:1|blockHeight:1|canvasHeight:50|halign:center|valign:bottom|enableOnTracklist:false|bounceClass:|bounceVibrance:|bounceBlur:false|spectroStyle:bars|\" show_playlist=\"true\" class=\"sr-tmpl-selah-album-digital\" css=\".iron-audioplayer{border-radius:16px;overflow:hidden;}:not(.sonaar-no-artwork) .srp_player_grid{grid-template-columns:110px 1fr;}.album-art{width:110px;max-width:110pxpx;}.srp_player_boxed .sonaar-Artwort-box{min-width:110px;}.srp_meta, .srp_meta.album-title{font-size:20px;color:#ffffff;}.control div, .control i, .srp-play-button .sricon-play, .album-player .srp_noteButton{color:#e02b20;}.control .play, .srp-play-circle, .sr_speedRate div{border-color:#e02b20;}.srp_player_boxed, .skin_floated .album-player{background-color:#000000;}.sr_progressbar{color:#c6c6c6;}.playlist .sricon-play{color:#ffffff;}.sr_track_cover .srp_play{border-color:#ffffff;}.audio-track, .playlist .track-number{color:#ffffff;}.sr-playlist-item{background:#262626;}.audio-playing .current .audio-track, .audio-playing .current .audio-track .track-number{color:#e02b20;}.playlist, .skin_floated:not(.sonaar-no-artwork) .sonaar-grid{background:#000000;}.playlist .srp_note{color:#e02b20;}\"][\/sonaar_audioplayer]","_et_gb_content_width":""},"product_brand":[],"product_cat":[46],"product_tag":[48,126,28,29],"class_list":{"0":"post-35148","1":"product","2":"type-product","3":"status-publish","4":"has-post-thumbnail","6":"product_cat-johnny-lau","7":"product_tag-jl-sencillo-digital","8":"product_tag-jl-videos","9":"product_tag-jonny-lau","10":"product_tag-noel-schajris","12":"first","13":"instock","14":"downloadable","15":"virtual","16":"purchasable","17":"product-type-simple"},"_links":{"self":[{"href":"https:\/\/dynamoproductions.fan\/es\/wp-json\/wp\/v2\/product\/35148","targetHints":{"allow":["GET"]}}],"collection":[{"href":"https:\/\/dynamoproductions.fan\/es\/wp-json\/wp\/v2\/product"}],"about":[{"href":"https:\/\/dynamoproductions.fan\/es\/wp-json\/wp\/v2\/types\/product"}],"wp:featuredmedia":[{"embeddable":true,"href":"https:\/\/dynamoproductions.fan\/es\/wp-json\/wp\/v2\/media\/35152"}],"wp:attachment":[{"href":"https:\/\/dynamoproductions.fan\/es\/wp-json\/wp\/v2\/media?parent=35148"}],"wp:term":[{"taxonomy":"product_brand","embeddable":true,"href":"https:\/\/dynamoproductions.fan\/es\/wp-json\/wp\/v2\/product_brand?post=35148"},{"taxonomy":"product_cat","embeddable":true,"href":"https:\/\/dynamoproductions.fan\/es\/wp-json\/wp\/v2\/product_cat?post=35148"},{"taxonomy":"product_tag","embeddable":true,"href":"https:\/\/dynamoproductions.fan\/es\/wp-json\/wp\/v2\/product_tag?post=35148"}],"curies":[{"name":"wp","href":"https:\/\/api.w.org\/{rel}","templated":true}]}}