{"id":35280,"date":"2024-11-27T06:00:23","date_gmt":"2024-11-27T12:00:23","guid":{"rendered":"https:\/\/dynamoproductions.fan\/?post_type=product&#038;p=35280"},"modified":"2025-06-25T13:16:29","modified_gmt":"2025-06-25T19:16:29","slug":"yo-que-nunca-t-shirt-jl","status":"publish","type":"product","link":"https:\/\/dynamoproductions.fan\/es\/producto\/yo-que-nunca-t-shirt-jl\/","title":{"rendered":"Camiseta + Yo que nunca"},"content":{"rendered":"<h2>Camiseta + Yo que nunca Johnny Lau<\/h2>\n<p>S\u00famate al viaje musical de Johnny Lau con nuestra camiseta oficial \"+ Yo que nunca\". Con el logo ic\u00f3nico de Dynamo y dise\u00f1ada para ser c\u00f3moda y estilosa, esta camiseta es imprescindible para cualquier fan.<\/p>\n<p>Demuestra tu amor por Johnny Lau y Dynamo Productions con esta pieza exclusiva.<\/p>","protected":false},"excerpt":{"rendered":"<p>\u00a1Demuestra tu amor por el \u00faltimo \u00e1lbum de Johnny Lau con nuestra exclusiva camiseta + Yo que nunca con el logo de Dynamo Productions!<\/p>","protected":false},"featured_media":35282,"template":"","meta":{"_et_pb_use_builder":"","_et_pb_old_content":"","_et_gb_content_width":""},"product_brand":[],"product_cat":[46],"product_tag":[130,28],"class_list":{"0":"post-35280","1":"product","2":"type-product","3":"status-publish","4":"has-post-thumbnail","6":"product_cat-johnny-lau","7":"product_tag-johnny-lau-merch","8":"product_tag-jonny-lau","10":"first","11":"instock","12":"shipping-taxable","13":"purchasable","14":"product-type-variable"},"_links":{"self":[{"href":"https:\/\/dynamoproductions.fan\/es\/wp-json\/wp\/v2\/product\/35280","targetHints":{"allow":["GET"]}}],"collection":[{"href":"https:\/\/dynamoproductions.fan\/es\/wp-json\/wp\/v2\/product"}],"about":[{"href":"https:\/\/dynamoproductions.fan\/es\/wp-json\/wp\/v2\/types\/product"}],"wp:featuredmedia":[{"embeddable":true,"href":"https:\/\/dynamoproductions.fan\/es\/wp-json\/wp\/v2\/media\/35282"}],"wp:attachment":[{"href":"https:\/\/dynamoproductions.fan\/es\/wp-json\/wp\/v2\/media?parent=35280"}],"wp:term":[{"taxonomy":"product_brand","embeddable":true,"href":"https:\/\/dynamoproductions.fan\/es\/wp-json\/wp\/v2\/product_brand?post=35280"},{"taxonomy":"product_cat","embeddable":true,"href":"https:\/\/dynamoproductions.fan\/es\/wp-json\/wp\/v2\/product_cat?post=35280"},{"taxonomy":"product_tag","embeddable":true,"href":"https:\/\/dynamoproductions.fan\/es\/wp-json\/wp\/v2\/product_tag?post=35280"}],"curies":[{"name":"wp","href":"https:\/\/api.w.org\/{rel}","templated":true}]}}