{"id":35732,"date":"2025-09-08T11:17:20","date_gmt":"2025-09-08T17:17:20","guid":{"rendered":"https:\/\/dynamoproductions.fan\/?post_type=product&#038;p=35732"},"modified":"2025-11-10T11:52:58","modified_gmt":"2025-11-10T17:52:58","slug":"mejikaindofblu-cd","status":"publish","type":"product","link":"https:\/\/dynamoproductions.fan\/es\/producto\/mejikaindofblu-cd\/","title":{"rendered":"&#8220;MEJIKAINDOFBLU&#8221; CD"},"content":{"rendered":"<h2>&#8220;MEJIKAINDOFBLU&#8221; CD<\/h2>\n<p>Now available, &#8220;MEJIKAINDOFBLU&#8221; CD, Noam&#8217;s debut album, including the track &#8220;Qu\u00e9 Dif\u00edcil&#8221; with the participation of Noel Schajris (Sin Bandera).<\/p>\n<article id=\"arbitrary-instance-69f8ed6a8e62f\" class=\"iron_widget_radio playlist_enabled\"><style id=\"srp-widget-player-style\">#arbitrary-instance-69f8ed6a8e62f .iron-audioplayer {border-radius:16px;overflow:hidden;}#arbitrary-instance-69f8ed6a8e62f :not(.sonaar-no-artwork) .srp_player_grid {grid-template-columns:110px 1fr;}#arbitrary-instance-69f8ed6a8e62f .album-art {width:110px;max-width:110pxpx;}#arbitrary-instance-69f8ed6a8e62f .srp_player_boxed .sonaar-Artwort-box {min-width:110px;}#arbitrary-instance-69f8ed6a8e62f .srp_meta, #arbitrary-instance-69f8ed6a8e62f .srp_meta.album-title {font-size:20px;color:#ffffff;}#arbitrary-instance-69f8ed6a8e62f .control div, #arbitrary-instance-69f8ed6a8e62f .control i, #arbitrary-instance-69f8ed6a8e62f .srp-play-button .sricon-play, #arbitrary-instance-69f8ed6a8e62f .album-player .srp_noteButton {color:#e02b20;}#arbitrary-instance-69f8ed6a8e62f .control .play, #arbitrary-instance-69f8ed6a8e62f .srp-play-circle, #arbitrary-instance-69f8ed6a8e62f .sr_speedRate div {border-color:#e02b20;}#arbitrary-instance-69f8ed6a8e62f .srp_player_boxed, #arbitrary-instance-69f8ed6a8e62f .skin_floated .album-player, #arbitrary-instance-69f8ed6a8e62f .srp-artworkbg {background-color:#000000;}#arbitrary-instance-69f8ed6a8e62f .sr_progressbar {color:#c6c6c6;}#arbitrary-instance-69f8ed6a8e62f .playlist .sricon-play {color:#ffffff;}#arbitrary-instance-69f8ed6a8e62f .sr_track_cover .srp_play {border-color:#ffffff;}#arbitrary-instance-69f8ed6a8e62f .audio-track, #arbitrary-instance-69f8ed6a8e62f .playlist .track-number {color:#ffffff;}#arbitrary-instance-69f8ed6a8e62f .sr-playlist-item {background:#262626;}#arbitrary-instance-69f8ed6a8e62f .audio-playing .current .audio-track, #arbitrary-instance-69f8ed6a8e62f .audio-playing .current .audio-track .track-number {color:#e02b20;}#arbitrary-instance-69f8ed6a8e62f .playlist, #arbitrary-instance-69f8ed6a8e62f .skin_floated:not(.sonaar-no-artwork) .sonaar-grid {background:#000000;}#arbitrary-instance-69f8ed6a8e62f .playlist .srp_note {color:#e02b20;}<\/style><div class=\"iron-audioplayer  show-playlist srp_player_spectrum srp_noLoopTracklist playlist_has_no_ctas sr-tmpl-selah-album-digital\" id=\"arbitrary-instance-69f8ed6a8e62f-5cc4a59f0d\" data-id=\"arbitrary-instance-69f8ed6a8e62f\" data-track-sw-cursor=\"\" data-lazyload=\"\" data-albums=\"35627\" data-category=\"\" data-url-playlist=\"https:\/\/dynamoproductions.fan\/es\/?load=playlist.json&#038;title=&#038;albums=35627&#038;category=&#038;posts_not_in=&#038;category_not_in=&#038;author=&#038;feed_title=&#038;feed=&#038;feed_img=&#038;el_widget_id=&#038;artwork=&#038;posts_per_pages=-1&#038;all_category=&#038;single_playlist=&#038;reverse_tracklist=&#038;audio_meta_field=&#038;repeater_meta_field=&#038;import_file=&#038;rss_items=-1&#038;rss_item_title=&#038;is_favorite=&#038;is_recentlyplayed=&#038;srp_order=date_desc\" data-sticky-player=\"1\" data-shuffle=\"false\" data-playlist_title=\"\" data-scrollbar=\"\" data-wave-color=\"#848484\" data-wave-progress-color=\"#e02b20\" data-spectro=\"color1:#e02b20|color2:#c11b1b|shadow:false|reflectFx:true|sharpFx:|barCount:100|barWidth:4|barGap:1|blockGap:1|blockHeight:1|canvasHeight:50|halign:center|valign:bottom|enableOnTracklist:false|bounceClass:|bounceVibrance:|bounceBlur:false|spectroStyle:bars|\" data-no-wave=\"0\" data-hide-progressbar=\"\" data-progress-bar-style=\"\"data-feedurl=\"0\" data-notrackskip=\"\" data-no-loop-tracklist=\"on\" data-playertemplate =\"skin_boxed_tracklist\" data-hide-artwork =\"\" data-speedrate=\"1\"  data-tracks-per-page=\"\" data-pagination_scroll_offset=\"\" data-adaptive-colors=\"\" data-adaptive-colors-freeze=\"\" style=\"opacity:0;\"><div class=\"srp_player_boxed srp_player_grid\"><div class=\"sonaar-Artwort-box\">\n                <div class=\"control\">\n                    \n                <\/div>\n                <div class=\"album\">\n                    <div class=\"album-art\">\n                        <img alt=\"album-art\">\n                    <\/div>\n                <\/div>\n                <\/div><div class=\"album-player sr_waveform_mediaElement\" data-wave-bar-width=\"1\" data-wave-bar-gap=\"1\"><div class=\"srp_miniplayer_metas\"><div class=\"srp_meta srp_meta_0 album-title\" data-prefix=\"\" aria-label=\"Title\"><\/div><\/div><div class=\"srp_subtitle\"><\/div><div class=\"srp_player_meta\"><\/div><div class=\"srp_control_box\">\n            <div role=\"button\" tabindex=\"0\" class=\"srp-play-button play\" href=\"#\" aria-label=\"Play\">\n                <i class=\"sricon-play\"><\/i>\n                <div class=\"srp-play-circle\"><\/div>\n            <\/div><div class=\"srp_wave_box\"> <div class=\"player\" ><div class=\"sr_progressbar\">\n                \n            <div class=\"currentTime\">00:00<\/div>\n         \n                <div id=\"arbitrary-instance-69f8ed6a8e62f-ec9e239d71-wave\" class=\"wave\" >\n                 \n        <div class=\"sonaar_fake_wave\" style=\"height:20px\"> \n            <audio src=\"\" class=\"sonaar_media_element\"><\/audio> \n            <div class=\"sonaar_wave_base\"> \n                <canvas id=\"sonaar_wave_base_canvas\" class=\"\" height=\"20\" width=\"2540\"><\/canvas> \n                <svg><\/svg> \n            <\/div> \n            <div class=\"sonaar_wave_cut\"> \n                <canvas id=\"sonaar_wave_cut_canvas\" class=\"\" height=\"20\" width=\"2540\"><\/canvas> \n                <svg><\/svg> \n            <\/div> \n        <\/div> \n                <\/div>\n                \n            <div class=\"totalTime\"><\/div>\n         \n             <\/div><\/div><div class=\"control\"><div role=\"button\" tabindex=\"0\" class=\"previous sricon-back\" style=\"opacity:0;\" aria-label=\"Previous Track\" title=\"\"><\/div><div role=\"button\" tabindex=\"0\" class=\"play\" style=\"opacity:0;\" aria-label=\"Play\" title=\"\">\n                <i class=\"sricon-play\"><\/i>\n            <\/div><div role=\"button\" tabindex=\"0\" class=\"next sricon-forward\" style=\"opacity:0;\" aria-label=\"Next Track\" title=\"\"><\/div><\/div><\/div><\/div><\/div><\/div><div class=\"playlist sr_waveform_mediaElement\"  id=\"playlist_arbitrary-instance-69f8ed6a8e62f\"><div class=\"srp_tracklist\"><div class=\"srp_notfound\"><div class=\"srp_notfound--title\">Lo sentimos, no hay resultados.<\/div><div class=\"srp_notfound--subtitle\">Por favor intenta con otra palabra<\/div><\/div><ul class=\"srp_list\" data-filters=\"playlist-category,playlist-tag\"><li \n            class=\"sr-playlist-item\" \n            data-audiopath=\"https:\/\/dynamoproductions.fan\/wp-content\/uploads\/2025\/07\/01-NO-RESPONDAS-PREVIEW.mp3\"\n            data-showloading=\"1\"\n            data-albumtitle=\"MEJIKAINDOFBLU\"\n            data-albumart=\"https:\/\/dynamoproductions.fan\/wp-content\/uploads\/2025\/07\/MEJIKAINDOFBLU-Cover-Noam-1024x1024.jpg\"\n            data-releasedate=\"\"\n            data-date=\"2025\/07\/09\"\n            data-date-formated=\"julio 9, 2025\"\n            data-show-date=\"\"\n            data-tracktitle=\"01 No Respondas (preview)&lt;span class=&quot;srp_trackartist&quot;&gt; por N\u00f3am&lt;\/span&gt;\"\n            data-artist=\"N\u00f3am\"\n            data-trackid=\"35603\"\n            data-tracktime=\"0:21\"\n            data-relatedtrack=\"\"\n            data-post-url=\"\"\n            data-post-id=\"35627\"\n            data-track-pos=\"0\"\n            data-peakfile=\"https:\/\/dynamoproductions.fan\/wp-content\/uploads\/audio_peaks\/35603.peak\"\n            data-peakfile-allow=\"1\"\n            data-is-preview=\"\"\n            data-track-lyric=\"\" data-icecast_json=\"\" data-icecast_mount=\"\"><div class=\"sr-playlist-item-flex\"><span class=\"store-list\"><\/span><!--START CF DATA--><div class=\"srp_cf_output\" style=\"display:none;\"><div class=\"srp_cf_data sr-playlist-cf--playlist-category\">Noam Album Digital<\/div><div class=\"srp_cf_data sr-playlist-cf--playlist-tag\">Noam Album Digital<\/div><\/div><!--END CF DATA--><\/div><div class=\"srp_track_description\"><\/div><\/li><li \n            class=\"sr-playlist-item\" \n            data-audiopath=\"https:\/\/dynamoproductions.fan\/wp-content\/uploads\/2025\/07\/02-QUE-DIFICIL-PREVIEW.mp3\"\n            data-showloading=\"1\"\n            data-albumtitle=\"MEJIKAINDOFBLU\"\n            data-albumart=\"https:\/\/dynamoproductions.fan\/wp-content\/uploads\/2025\/07\/MEJIKAINDOFBLU-Cover-Noam-1024x1024.jpg\"\n            data-releasedate=\"\"\n            data-date=\"2025\/07\/09\"\n            data-date-formated=\"julio 9, 2025\"\n            data-show-date=\"\"\n            data-tracktitle=\"02 Qu\u00e9 dif\u00edcil, Ft. Noel Schajris (preview)&lt;span class=&quot;srp_trackartist&quot;&gt; por N\u00f3am&lt;\/span&gt;\"\n            data-artist=\"N\u00f3am\"\n            data-trackid=\"35604\"\n            data-tracktime=\"0:20\"\n            data-relatedtrack=\"\"\n            data-post-url=\"\"\n            data-post-id=\"35627\"\n            data-track-pos=\"1\"\n            data-peakfile=\"https:\/\/dynamoproductions.fan\/wp-content\/uploads\/audio_peaks\/35604.peak\"\n            data-peakfile-allow=\"1\"\n            data-is-preview=\"\"\n            data-track-lyric=\"\" data-icecast_json=\"\" data-icecast_mount=\"\"><div class=\"sr-playlist-item-flex\"><span class=\"store-list\"><\/span><!--START CF DATA--><div class=\"srp_cf_output\" style=\"display:none;\"><div class=\"srp_cf_data sr-playlist-cf--playlist-category\">Noam Album Digital<\/div><div class=\"srp_cf_data sr-playlist-cf--playlist-tag\">Noam Album Digital<\/div><\/div><!--END CF DATA--><\/div><div class=\"srp_track_description\"><\/div><\/li><li \n            class=\"sr-playlist-item\" \n            data-audiopath=\"https:\/\/dynamoproductions.fan\/wp-content\/uploads\/2025\/07\/03-SALVAVIDAS-PREVIEW.mp3\"\n            data-showloading=\"1\"\n            data-albumtitle=\"MEJIKAINDOFBLU\"\n            data-albumart=\"https:\/\/dynamoproductions.fan\/wp-content\/uploads\/2025\/07\/MEJIKAINDOFBLU-Cover-Noam-1024x1024.jpg\"\n            data-releasedate=\"\"\n            data-date=\"2025\/07\/09\"\n            data-date-formated=\"julio 9, 2025\"\n            data-show-date=\"\"\n            data-tracktitle=\"03 Salvavidas (preview)&lt;span class=&quot;srp_trackartist&quot;&gt; por N\u00f3am&lt;\/span&gt;\"\n            data-artist=\"N\u00f3am\"\n            data-trackid=\"35605\"\n            data-tracktime=\"0:20\"\n            data-relatedtrack=\"\"\n            data-post-url=\"\"\n            data-post-id=\"35627\"\n            data-track-pos=\"2\"\n            data-peakfile=\"https:\/\/dynamoproductions.fan\/wp-content\/uploads\/audio_peaks\/35605.peak\"\n            data-peakfile-allow=\"1\"\n            data-is-preview=\"\"\n            data-track-lyric=\"\" data-icecast_json=\"\" data-icecast_mount=\"\"><div class=\"sr-playlist-item-flex\"><span class=\"store-list\"><\/span><!--START CF DATA--><div class=\"srp_cf_output\" style=\"display:none;\"><div class=\"srp_cf_data sr-playlist-cf--playlist-category\">Noam Album Digital<\/div><div class=\"srp_cf_data sr-playlist-cf--playlist-tag\">Noam Album Digital<\/div><\/div><!--END CF DATA--><\/div><div class=\"srp_track_description\"><\/div><\/li><li \n            class=\"sr-playlist-item\" \n            data-audiopath=\"https:\/\/dynamoproductions.fan\/wp-content\/uploads\/2024\/11\/04_HOGAR-1.mp3\"\n            data-showloading=\"1\"\n            data-albumtitle=\"+Yo que nunca\"\n            data-albumart=\"https:\/\/dynamoproductions.fan\/wp-content\/uploads\/2025\/07\/MEJIKAINDOFBLU-Cover-Noam-1024x1024.jpg\"\n            data-releasedate=\"\"\n            data-date=\"2025\/07\/09\"\n            data-date-formated=\"julio 9, 2025\"\n            data-show-date=\"\"\n            data-tracktitle=\"Hogar&lt;span class=&quot;srp_trackartist&quot;&gt; por Johnny Lau&lt;\/span&gt;\"\n            data-artist=\"Johnny Lau\"\n            data-trackid=\"35220\"\n            data-tracktime=\"3:27\"\n            data-relatedtrack=\"\"\n            data-post-url=\"\"\n            data-post-id=\"35627\"\n            data-track-pos=\"3\"\n            data-peakfile=\"https:\/\/dynamoproductions.fan\/wp-content\/uploads\/audio_peaks\/35220.peak\"\n            data-peakfile-allow=\"1\"\n            data-is-preview=\"\"\n            data-track-lyric=\"\" data-icecast_json=\"\" data-icecast_mount=\"\"><div class=\"sr-playlist-item-flex\"><span class=\"store-list\"><\/span><!--START CF DATA--><div class=\"srp_cf_output\" style=\"display:none;\"><div class=\"srp_cf_data sr-playlist-cf--playlist-category\">Noam Album Digital<\/div><div class=\"srp_cf_data sr-playlist-cf--playlist-tag\">Noam Album Digital<\/div><\/div><!--END CF DATA--><\/div><div class=\"srp_track_description\"><\/div><\/li><li \n            class=\"sr-playlist-item\" \n            data-audiopath=\"https:\/\/dynamoproductions.fan\/wp-content\/uploads\/2025\/07\/05-PUEDO-ESTAR-SONRIENDO-PREVIEW.mp3\"\n            data-showloading=\"1\"\n            data-albumtitle=\"MEJIKAINDOFBLU\"\n            data-albumart=\"https:\/\/dynamoproductions.fan\/wp-content\/uploads\/2025\/07\/MEJIKAINDOFBLU-Cover-Noam-1024x1024.jpg\"\n            data-releasedate=\"\"\n            data-date=\"2025\/07\/09\"\n            data-date-formated=\"julio 9, 2025\"\n            data-show-date=\"\"\n            data-tracktitle=\"05 Puedo estar sonriendo (preview)&lt;span class=&quot;srp_trackartist&quot;&gt; por N\u00f3am&lt;\/span&gt;\"\n            data-artist=\"N\u00f3am\"\n            data-trackid=\"35607\"\n            data-tracktime=\"0:20\"\n            data-relatedtrack=\"\"\n            data-post-url=\"\"\n            data-post-id=\"35627\"\n            data-track-pos=\"4\"\n            data-peakfile=\"https:\/\/dynamoproductions.fan\/wp-content\/uploads\/audio_peaks\/35607.peak\"\n            data-peakfile-allow=\"1\"\n            data-is-preview=\"\"\n            data-track-lyric=\"\" data-icecast_json=\"\" data-icecast_mount=\"\"><div class=\"sr-playlist-item-flex\"><span class=\"store-list\"><\/span><!--START CF DATA--><div class=\"srp_cf_output\" style=\"display:none;\"><div class=\"srp_cf_data sr-playlist-cf--playlist-category\">Noam Album Digital<\/div><div class=\"srp_cf_data sr-playlist-cf--playlist-tag\">Noam Album Digital<\/div><\/div><!--END CF DATA--><\/div><div class=\"srp_track_description\"><\/div><\/li><li \n            class=\"sr-playlist-item\" \n            data-audiopath=\"https:\/\/dynamoproductions.fan\/wp-content\/uploads\/2025\/07\/05-PUEDO-ESTAR-SONRIENDO-PREVIEW.mp3\"\n            data-showloading=\"1\"\n            data-albumtitle=\"MEJIKAINDOFBLU\"\n            data-albumart=\"https:\/\/dynamoproductions.fan\/wp-content\/uploads\/2025\/07\/MEJIKAINDOFBLU-Cover-Noam-1024x1024.jpg\"\n            data-releasedate=\"\"\n            data-date=\"2025\/07\/09\"\n            data-date-formated=\"julio 9, 2025\"\n            data-show-date=\"\"\n            data-tracktitle=\"05 Puedo estar sonriendo (preview)&lt;span class=&quot;srp_trackartist&quot;&gt; por N\u00f3am&lt;\/span&gt;\"\n            data-artist=\"N\u00f3am\"\n            data-trackid=\"35607\"\n            data-tracktime=\"0:20\"\n            data-relatedtrack=\"\"\n            data-post-url=\"\"\n            data-post-id=\"35627\"\n            data-track-pos=\"5\"\n            data-peakfile=\"https:\/\/dynamoproductions.fan\/wp-content\/uploads\/audio_peaks\/35607.peak\"\n            data-peakfile-allow=\"1\"\n            data-is-preview=\"\"\n            data-track-lyric=\"\" data-icecast_json=\"\" data-icecast_mount=\"\"><div class=\"sr-playlist-item-flex\"><span class=\"store-list\"><\/span><!--START CF DATA--><div class=\"srp_cf_output\" style=\"display:none;\"><div class=\"srp_cf_data sr-playlist-cf--playlist-category\">Noam Album Digital<\/div><div class=\"srp_cf_data sr-playlist-cf--playlist-tag\">Noam Album Digital<\/div><\/div><!--END CF DATA--><\/div><div class=\"srp_track_description\"><\/div><\/li><li \n            class=\"sr-playlist-item\" \n            data-audiopath=\"https:\/\/dynamoproductions.fan\/wp-content\/uploads\/2025\/07\/07-FUENTES-DE-ORTIZ-PREVIEW.mp3\"\n            data-showloading=\"1\"\n            data-albumtitle=\"MEJIKAINDOFBLU\"\n            data-albumart=\"https:\/\/dynamoproductions.fan\/wp-content\/uploads\/2025\/07\/MEJIKAINDOFBLU-Cover-Noam-1024x1024.jpg\"\n            data-releasedate=\"\"\n            data-date=\"2025\/07\/09\"\n            data-date-formated=\"julio 9, 2025\"\n            data-show-date=\"\"\n            data-tracktitle=\"07 Fuentes de Ort\u00edz (preview)&lt;span class=&quot;srp_trackartist&quot;&gt; por N\u00f3am&lt;\/span&gt;\"\n            data-artist=\"N\u00f3am\"\n            data-trackid=\"35609\"\n            data-tracktime=\"0:20\"\n            data-relatedtrack=\"\"\n            data-post-url=\"\"\n            data-post-id=\"35627\"\n            data-track-pos=\"6\"\n            data-peakfile=\"https:\/\/dynamoproductions.fan\/wp-content\/uploads\/audio_peaks\/35609.peak\"\n            data-peakfile-allow=\"1\"\n            data-is-preview=\"\"\n            data-track-lyric=\"\" data-icecast_json=\"\" data-icecast_mount=\"\"><div class=\"sr-playlist-item-flex\"><span class=\"store-list\"><\/span><!--START CF DATA--><div class=\"srp_cf_output\" style=\"display:none;\"><div class=\"srp_cf_data sr-playlist-cf--playlist-category\">Noam Album Digital<\/div><div class=\"srp_cf_data sr-playlist-cf--playlist-tag\">Noam Album Digital<\/div><\/div><!--END CF DATA--><\/div><div class=\"srp_track_description\"><\/div><\/li><li \n            class=\"sr-playlist-item\" \n            data-audiopath=\"https:\/\/dynamoproductions.fan\/wp-content\/uploads\/2025\/07\/08-que-dificl-dark-Ver-preview.mp3\"\n            data-showloading=\"1\"\n            data-albumtitle=\"MEJIKAINDOFBLU\"\n            data-albumart=\"https:\/\/dynamoproductions.fan\/wp-content\/uploads\/2025\/07\/MEJIKAINDOFBLU-Cover-Noam-1024x1024.jpg\"\n            data-releasedate=\"\"\n            data-date=\"2025\/07\/09\"\n            data-date-formated=\"julio 9, 2025\"\n            data-show-date=\"\"\n            data-tracktitle=\"08 Qu\u00e9 dif\u00edcil dark Version (preview)&lt;span class=&quot;srp_trackartist&quot;&gt; por N\u00f3am&lt;\/span&gt;\"\n            data-artist=\"N\u00f3am\"\n            data-trackid=\"35610\"\n            data-tracktime=\"0:20\"\n            data-relatedtrack=\"\"\n            data-post-url=\"\"\n            data-post-id=\"35627\"\n            data-track-pos=\"7\"\n            data-peakfile=\"https:\/\/dynamoproductions.fan\/wp-content\/uploads\/audio_peaks\/35610.peak\"\n            data-peakfile-allow=\"1\"\n            data-is-preview=\"\"\n            data-track-lyric=\"\" data-icecast_json=\"\" data-icecast_mount=\"\"><div class=\"sr-playlist-item-flex\"><span class=\"store-list\"><\/span><!--START CF DATA--><div class=\"srp_cf_output\" style=\"display:none;\"><div class=\"srp_cf_data sr-playlist-cf--playlist-category\">Noam Album Digital<\/div><div class=\"srp_cf_data sr-playlist-cf--playlist-tag\">Noam Album Digital<\/div><\/div><!--END CF DATA--><\/div><div class=\"srp_track_description\"><\/div><\/li><\/ul><\/div><\/div><div class=\"album-store\"><\/div><\/div><script id=\"srp_js_params_69f8ed6a8e62f\">\n        var srp_player_params_69f8ed6a8e62f = {\"title\":\"\",\"store_title_text\":\"\",\"albums\":\"35627\",\"hide_artwork\":false,\"sticky_player\":\"true\",\"show_album_market\":0,\"show_track_market\":0,\"hide_timeline\":0,\"hide_cf_data\":\"true\",\"order\":\"desc\",\"orderby\":\"date\",\"show_skip_bt\":\"default\",\"show_shuffle_bt\":\"default\",\"show_repeat_bt\":\"default\",\"show_speed_bt\":\"default\",\"show_volume_bt\":\"default\",\"show_miniplayer_note_bt\":\"default\",\"progress_bar_style\":\"default\",\"wave_bar_width\":\"1\",\"wave_bar_gap\":\"1\",\"wave_color\":\"#848484\",\"wave_progress_color\":\"#e02b20\",\"track_memory\":\"default\",\"player_layout\":\"skin_boxed_tracklist\",\"tracklist_layout\":\"list\",\"hide_track_number\":\"false\",\"track_artwork_format\":\"thumbnail\",\"show_track_publish_date\":\"default\",\"no_loop_tracklist\":\"true\",\"spectro\":\"color1:#e02b20|color2:#c11b1b|shadow:false|reflectFx:true|sharpFx:|barCount:100|barWidth:4|barGap:1|blockGap:1|blockHeight:1|canvasHeight:50|halign:center|valign:bottom|enableOnTracklist:false|bounceClass:|bounceVibrance:|bounceBlur:false|spectroStyle:bars|\",\"show_playlist\":\"true\",\"class\":\"sr-tmpl-selah-album-digital\",\"css\":\".iron-audioplayer{border-radius:16px;overflow:hidden;}:not(.sonaar-no-artwork) .srp_player_grid{grid-template-columns:110px 1fr;}.album-art{width:110px;max-width:110pxpx;}.srp_player_boxed .sonaar-Artwort-box{min-width:110px;}.srp_meta, .srp_meta.album-title{font-size:20px;color:#ffffff;}.control div, .control i, .srp-play-button .sricon-play, .album-player .srp_noteButton{color:#e02b20;}.control .play, .srp-play-circle, .sr_speedRate div{border-color:#e02b20;}.srp_player_boxed, .skin_floated .album-player, .srp-artworkbg{background-color:#000000;}.sr_progressbar{color:#c6c6c6;}.playlist .sricon-play{color:#ffffff;}.sr_track_cover .srp_play{border-color:#ffffff;}.audio-track, .playlist .track-number{color:#ffffff;}.sr-playlist-item{background:#262626;}.audio-playing .current .audio-track, .audio-playing .current .audio-track .track-number{color:#e02b20;}.playlist, .skin_floated:not(.sonaar-no-artwork) .sonaar-grid{background:#000000;}.playlist .srp_note{color:#e02b20;}\",\"main_settings\":\"||\"} \n        var srp_player_params_args_69f8ed6a8e62f = {\"before_widget\":\"<article id=\\\"arbitrary-instance-69f8ed6a8e62f\\\" class=\\\"iron_widget_radio playlist_enabled\\\">\",\"after_widget\":\"<\\\/article>\",\"before_title\":\"<span class='heading-t3'><\\\/span><h3 class=\\\"widgettitle\\\">\",\"after_title\":\"<\\\/h3>\",\"widget_id\":\"arbitrary-instance-69f8ed6a8e62f\"}  \n        <\/script><script>if(typeof setIronAudioplayers !== \"undefined\"){ setIronAudioplayers(\"arbitrary-instance-69f8ed6a8e62f\"); }<\/script><\/article>","protected":false},"excerpt":{"rendered":"<p>Now available, &#8220;MEJIKAINDOFBLU&#8221; CD, Noam&#8217;s debut album, including the track &#8220;Qu\u00e9 Dif\u00edcil&#8221; with the participation of Noel Schajris (Sin Bandera).<\/p>","protected":false},"featured_media":35734,"template":"","meta":{"_et_pb_use_builder":"","_et_pb_old_content":"","_et_gb_content_width":""},"product_brand":[],"product_cat":[133],"product_tag":[148],"class_list":{"0":"post-35732","1":"product","2":"type-product","3":"status-publish","4":"has-post-thumbnail","6":"product_cat-noam","7":"product_tag-cd-noam","9":"first","10":"instock","11":"shipping-taxable","12":"purchasable","13":"product-type-simple"},"_links":{"self":[{"href":"https:\/\/dynamoproductions.fan\/es\/wp-json\/wp\/v2\/product\/35732","targetHints":{"allow":["GET"]}}],"collection":[{"href":"https:\/\/dynamoproductions.fan\/es\/wp-json\/wp\/v2\/product"}],"about":[{"href":"https:\/\/dynamoproductions.fan\/es\/wp-json\/wp\/v2\/types\/product"}],"wp:featuredmedia":[{"embeddable":true,"href":"https:\/\/dynamoproductions.fan\/es\/wp-json\/wp\/v2\/media\/35734"}],"wp:attachment":[{"href":"https:\/\/dynamoproductions.fan\/es\/wp-json\/wp\/v2\/media?parent=35732"}],"wp:term":[{"taxonomy":"product_brand","embeddable":true,"href":"https:\/\/dynamoproductions.fan\/es\/wp-json\/wp\/v2\/product_brand?post=35732"},{"taxonomy":"product_cat","embeddable":true,"href":"https:\/\/dynamoproductions.fan\/es\/wp-json\/wp\/v2\/product_cat?post=35732"},{"taxonomy":"product_tag","embeddable":true,"href":"https:\/\/dynamoproductions.fan\/es\/wp-json\/wp\/v2\/product_tag?post=35732"}],"curies":[{"name":"wp","href":"https:\/\/api.w.org\/{rel}","templated":true}]}}